{"id":310,"date":"2016-09-15T12:26:35","date_gmt":"2016-09-15T12:26:35","guid":{"rendered":"http:\/\/elpintor.bitnesswise.com\/?page_id=310"},"modified":"2016-09-19T08:49:00","modified_gmt":"2016-09-19T08:49:00","slug":"aviso-legal","status":"publish","type":"page","link":"https:\/\/www.elaperitivodelpintor.es\/en\/aviso-legal\/","title":{"rendered":"Aviso Legal"},"content":{"rendered":"<p>Aviso Legal<\/p>\n<p>En cumplimiento del art\u00edculo 10 de la Ley 34\/2002, de 11 de julio, de Servicios de la Sociedad de la Informaci\u00f3n y Comercio Electr\u00f3nico, a continuaci\u00f3n se exponen los datos identificativos de la empresa.<\/p>\n<p>Denominaci\u00f3n Social:\u00a0El Aperitivo del Pintor<br \/>\nNombre:\u00a0Susana Lir\u00f3n Bernab\u00e9<br \/>\nNif \/ Cif:\u00a023005059-E<br \/>\nDomicilio Social: Calle Cuatro Santos, 37\u00a0bajo, derecha.\u00a0C.P 30201,\u00a0Cartagena,\u00a0Murcia<br \/>\nTel\u00e9fono: 619\u00a0731 354<br \/>\nDirecci\u00f3n de correo electr\u00f3nico: info@elaperitivodelpintor.es<\/p>\n<p><strong>CONDICIONES GENERALES DE USO<\/strong><br \/>\nEl usuario accede voluntariamente en esta pagina web. Esto implica, que la utilizar\u00e1 conforme el presente aviso legal y las condiciones particulares de algunos servicios, la ley, la moral, la buena fe y\/o las buenas costumbres.<br \/>\nLa utilizaci\u00f3n de esta pagina web supone la aceptaci\u00f3n de este aviso legal.<br \/>\nEL APERITIVO DEL PINTOR se reserva el derecho a modificar sin previo aviso el contenido de este aviso legal, por tanto, y para su correcta utilizaci\u00f3n de esta pagina web, le recomendamos que visite peri\u00f3dicamente esta secci\u00f3n.<br \/>\nEl usuario se compromete a hacer un uso adecuado de los contenidos y servicios que EL APERITIVO DEL PINTOR ofrece a trav\u00e9s de su p\u00e1gina web y con car\u00e1cter enunciativo pero no limitativo, a no emplearlos para incurrir en actividades il\u00edcitas, ilegales o contrarias a la buena fe y al orden p\u00fablico; difundir contenidos o propaganda de car\u00e1cter racista, xen\u00f3fobo, pornogr\u00e1fico-ilegal, de apolog\u00eda del terrorismo o atentatorio contra los derechos humanos; provocar da\u00f1os en los sistemas f\u00edsicos y l\u00f3gicos de EL APERITIVO DEL PINTOR, de sus proveedores o de terceras personas, introducir o difundir en la red virus inform\u00e1ticos o cualesquiera otros sistemas f\u00edsicos o l\u00f3gicos que sean susceptibles de provocar los da\u00f1os anteriormente mencionados; intentar acceder y, en su caso, utilizar las cuentas de correo electr\u00f3nico de otros usuarios y modificar o manipular sus mensajes.<br \/>\nEL APERITIVO DEL PINTOR se reserva el derecho de retirar todos aquellos comentarios y aportaciones que vulneren el respeto a la dignidad de la persona, que sean discriminatorios, xen\u00f3fobos, racistas, pornogr\u00e1ficos, que atenten contra la juventud o la infancia, el orden o la seguridad p\u00fablica o que, a su juicio, no resultaran adecuados para su publicaci\u00f3n.<br \/>\nEn cualquier caso, EL APERITIVO DEL PINTOR no ser\u00e1 responsable de las opiniones vertidas por los usuarios a trav\u00e9s de los foros, chats, u otras herramientas de participaci\u00f3n.<\/p>\n<p><strong>PROPIEDAD INTELECTUAL INDUSTRIAL<\/strong><br \/>\n\u00a9 2016, EL APERITIVO DEL PINTOR. Reservados todos los derechos.<br \/>\nEsta pagina web y sus contenidos: textos, im\u00e1genes, logotipos, marcas comerciales, botones, software, etc., est\u00e1n protegidos por la legislaci\u00f3n vigente en propiedad industrial e intectual. Es por esta raz\u00f3n, que se proh\u00edbe expresamente su reproducci\u00f3n, copia, modificaci\u00f3n, distribuci\u00f3n o transformaci\u00f3n sin la expresa autorizaci\u00f3n por escrito de EL APERITIVO DEL PINTOR.<br \/>\nEl acceso en esta p\u00e1gina web no supone, en ning\u00fan caso, adquisici\u00f3n por parte de los usuarios de ning\u00fan derecho de propiedad intelectual sobre los contenidos que figuran en la misma.<br \/>\nEL APERITIVO DEL PINTOR se reserva el derecho a modificar, actualizar o suprimir cualquiera de los conteidos de esta pagina web, en cualquier momento y sin previo aviso.<br \/>\nLa informaci\u00f3n contenida en esta pagina web puede no ser correcta, aunque EL APERITIVO DEL PINTOR haya hecho esfuerzos para mantener su exactitud y actualizaci\u00f3n. En consecuencia, EL APERITIVO DEL PINTOR no se responsabiliza de los errores contenidos, ni los da\u00f1os o perjuicios derivados de su utilizaci\u00f3n.<br \/>\nEL APERITIVO DEL PINTOR no se hace responsable de los da\u00f1os y perjuicios derivados del uso de esta p\u00e1gina web o de sus contenidos, no garantizando la ausencia de virus o la imposibilidad de causar da\u00f1os en los sistemas inform\u00e1ticos del usuario.<br \/>\nEL APERITIVO DEL PINTOR no se responsabiliza del mal uso que se pueda hacer de esta p\u00e1gina web.<\/p>\n<p>&nbsp;<\/p>\n","protected":false},"excerpt":{"rendered":"<p>Aviso Legal En cumplimiento del art\u00edculo 10 de la Ley 34\/2002, de 11 de julio, de Servicios de la Sociedad de la Informaci\u00f3n y Comercio Electr\u00f3nico, a continuaci\u00f3n se exponen los datos identificativos de la empresa. Denominaci\u00f3n Social:\u00a0El Aperitivo del Pintor Nombre:\u00a0Susana Lir\u00f3n Bernab\u00e9 Nif \/ Cif:\u00a023005059-E Domicilio Social: Calle Cuatro Santos, 37\u00a0bajo, derecha.\u00a0C.P 30201,\u00a0Cartagena,\u00a0Murcia&hellip;<\/p>\n","protected":false},"author":1,"featured_media":0,"parent":0,"menu_order":0,"comment_status":"closed","ping_status":"closed","template":"","meta":[],"_links":{"self":[{"href":"https:\/\/www.elaperitivodelpintor.es\/en\/wp-json\/wp\/v2\/pages\/310"}],"collection":[{"href":"https:\/\/www.elaperitivodelpintor.es\/en\/wp-json\/wp\/v2\/pages"}],"about":[{"href":"https:\/\/www.elaperitivodelpintor.es\/en\/wp-json\/wp\/v2\/types\/page"}],"author":[{"embeddable":true,"href":"https:\/\/www.elaperitivodelpintor.es\/en\/wp-json\/wp\/v2\/users\/1"}],"replies":[{"embeddable":true,"href":"https:\/\/www.elaperitivodelpintor.es\/en\/wp-json\/wp\/v2\/comments?post=310"}],"version-history":[{"count":3,"href":"https:\/\/www.elaperitivodelpintor.es\/en\/wp-json\/wp\/v2\/pages\/310\/revisions"}],"predecessor-version":[{"id":341,"href":"https:\/\/www.elaperitivodelpintor.es\/en\/wp-json\/wp\/v2\/pages\/310\/revisions\/341"}],"wp:attachment":[{"href":"https:\/\/www.elaperitivodelpintor.es\/en\/wp-json\/wp\/v2\/media?parent=310"}],"curies":[{"name":"wp","href":"https:\/\/api.w.org\/{rel}","templated":true}]}}